{"id":301,"date":"2019-10-27T17:36:20","date_gmt":"2019-10-27T17:36:20","guid":{"rendered":"http:\/\/city-citizen.pl\/?page_id=301"},"modified":"2020-01-15T17:34:23","modified_gmt":"2020-01-15T17:34:23","slug":"indeks-restauracji","status":"publish","type":"page","link":"https:\/\/city-citizen.pl\/?page_id=301","title":{"rendered":"Indeks restauracji"},"content":{"rendered":"\n<p>Aby jak najbardziej u\u0142atwi\u0107 Wam nawigacj\u0119 po blogu, przygotowa\u0142am poni\u017cszy, alfabetyczny spis restauracji, o kt\u00f3rych pisa\u0142am. Mam nadziej\u0119, \u017ce tak \u0142atwiej b\u0119dzie Wam odnale\u017a\u0107 interesuj\u0105c\u0105 Was recenzj\u0119. Wszystkie artyku\u0142y s\u0105 podlinkowane, a indeks jest regularnie uaktualniany \ud83d\ude42 <\/p>\n\n\n\n<hr class=\"wp-block-separator\"\/>\n\n\n\n<h4 class=\"wp-block-heading\">Restauracje w Krakowie:<\/h4>\n\n\n\n<ul class=\"wp-block-list\"><li>Emalia <a rel=\"noreferrer noopener\" aria-label=\"(artyku\u0142 1) (otwiera si\u0119 na nowej zak\u0142adce)\" href=\"http:\/\/city-citizen.pl\/?p=19\" target=\"_blank\">(artyku\u0142 1)<\/a> <a rel=\"noreferrer noopener\" aria-label=\"(artyku\u0142 2) (otwiera si\u0119 na nowej zak\u0142adce)\" href=\"http:\/\/city-citizen.pl\/?p=148\" target=\"_blank\">(artyku\u0142 2)<\/a><\/li><li><a rel=\"noreferrer noopener\" aria-label=\"Kantyna Zab\u0142ocie (otwiera si\u0119 na nowej zak\u0142adce)\" href=\"http:\/\/city-citizen.pl\/?p=120\" target=\"_blank\">Kantyna Zab\u0142ocie<\/a><\/li><li><a rel=\"noreferrer noopener\" aria-label=\"Kolanko nr 6 (otwiera si\u0119 na nowej zak\u0142adce)\" href=\"http:\/\/city-citizen.pl\/?p=19\" target=\"_blank\">Kolanko nr 6<\/a><\/li><li><a rel=\"noreferrer noopener\" aria-label=\"Liberty (otwiera si\u0119 na nowej zak\u0142adce)\" href=\"http:\/\/city-citizen.pl\/?p=320\" target=\"_blank\">Liberty<\/a><\/li><li><a rel=\"noreferrer noopener\" aria-label=\"MAK Bread&amp;Coffee (otwiera si\u0119 na nowej zak\u0142adce)\" href=\"http:\/\/city-citizen.pl\/?p=148\" target=\"_blank\">MAK Bread&amp;Coffee<\/a><\/li><li><a rel=\"noreferrer noopener\" aria-label=\"Nadwi\u015bla\u0144ska Resto &amp; Vodka Bar (otwiera si\u0119 na nowej zak\u0142adce)\" href=\"http:\/\/city-citizen.pl\/?p=120\" target=\"_blank\">Nadwi\u015bla\u0144ska Resto &amp; Vodka Bar<\/a><\/li><li><a rel=\"noreferrer noopener\" aria-label=\"Nad&amp;Greg (otwiera si\u0119 na nowej zak\u0142adce)\" href=\"http:\/\/city-citizen.pl\/?p=148\" target=\"_blank\">Nad&amp;Greg<\/a><\/li><li><a rel=\"noreferrer noopener\" aria-label=\"Nolio (otwiera si\u0119 na nowej zak\u0142adce)\" href=\"http:\/\/city-citizen.pl\/?p=19\" target=\"_blank\">Nolio<\/a><\/li><li><a rel=\"noreferrer noopener\" aria-label=\"N\u00f3n L\u00e1  (otwiera si\u0119 na nowej zak\u0142adce)\" href=\"http:\/\/city-citizen.pl\/?p=267\" target=\"_blank\">N\u00f3n L\u00e1 <\/a><\/li><li><a rel=\"noreferrer noopener\" href=\"http:\/\/city-citizen.pl\/?p=267\" target=\"_blank\">Pan KimBap<\/a> <\/li><li><a rel=\"noreferrer noopener\" aria-label=\"Pino (otwiera si\u0119 na nowej zak\u0142adce)\" href=\"http:\/\/city-citizen.pl\/?p=387\" target=\"_blank\">Pino<\/a><\/li><li><a rel=\"noreferrer noopener\" aria-label=\"Ramen People (otwiera si\u0119 na nowej zak\u0142adce)\" href=\"http:\/\/city-citizen.pl\/?p=19\" target=\"_blank\">Ramen People<\/a><\/li><li><a rel=\"noreferrer noopener\" aria-label=\"Ramen TU\u2028 (otwiera si\u0119 na nowej zak\u0142adce)\" href=\"http:\/\/city-citizen.pl\/?p=358\" target=\"_blank\">Ramen TU<\/a><\/li><li><a rel=\"noreferrer noopener\" aria-label=\"Ruru Udon (otwiera si\u0119 na nowej zak\u0142adce)\" href=\"http:\/\/city-citizen.pl\/?p=79\" target=\"_blank\">Ruru Udon<\/a><\/li><li><a href=\"http:\/\/city-citizen.pl\/?p=416\" target=\"_blank\" rel=\"noreferrer noopener\" aria-label=\"Sohn Hand Roll Bar (otwiera si\u0119 na nowej zak\u0142adce)\">Sohn Hand Roll Bar<\/a><\/li><li><a rel=\"noreferrer noopener\" aria-label=\"Wsch\u00f3d Bar (otwiera si\u0119 na nowej zak\u0142adce)\" href=\"http:\/\/city-citizen.pl\/?p=19\" target=\"_blank\">Wsch\u00f3d Bar<\/a><\/li><\/ul>\n\n\n\n<hr class=\"wp-block-separator\"\/>\n\n\n\n<h4 class=\"wp-block-heading\">Restauracje w Gda\u0144sku:<\/h4>\n\n\n\n<ul class=\"wp-block-list\"><li><a rel=\"noreferrer noopener\" aria-label=\"Fishmarkt (otwiera si\u0119 na nowej zak\u0142adce)\" href=\"http:\/\/city-citizen.pl\/?p=108\" target=\"_blank\">Fishmarkt<\/a><\/li><li><a rel=\"noreferrer noopener\" aria-label=\"Magiel (otwiera si\u0119 na nowej zak\u0142adce)\" href=\"http:\/\/city-citizen.pl\/?p=108\" target=\"_blank\">Magiel<\/a><\/li><li><a rel=\"noreferrer noopener\" aria-label=\"Meat Shack BBQ (otwiera si\u0119 na nowej zak\u0142adce)\" href=\"http:\/\/city-citizen.pl\/?p=108\" target=\"_blank\">Meat Shack BBQ<\/a><\/li><li><a rel=\"noreferrer noopener\" aria-label=\"Mnie to rybka (otwiera si\u0119 na nowej zak\u0142adce)\" href=\"http:\/\/city-citizen.pl\/?p=108\" target=\"_blank\">Mnie to rybka<\/a><\/li><li><a rel=\"noreferrer noopener\" aria-label=\"Przystanek Kawa (otwiera si\u0119 na nowej zak\u0142adce)\" href=\"http:\/\/city-citizen.pl\/?p=108\" target=\"_blank\">Przystanek Kawa<\/a><\/li><li><a href=\"http:\/\/city-citizen.pl\/?p=108\" target=\"_blank\" rel=\"noreferrer noopener\" aria-label=\"Zagroda Rybacka (otwiera si\u0119 na nowej zak\u0142adce)\">Zagroda Rybacka<\/a><\/li><\/ul>\n\n\n\n<hr class=\"wp-block-separator\"\/>\n\n\n\n<p class=\"has-text-align-center\">Je\u015bli masz uwagi do funkcjonowania strony, <a href=\"http:\/\/city-citizen.pl\/?page_id=42\" target=\"_blank\" rel=\"noreferrer noopener\" aria-label=\"skontaktuj si\u0119 ze mn\u0105 (otwiera si\u0119 na nowej zak\u0142adce)\">skontaktuj si\u0119 ze mn\u0105<\/a>.<\/p>\n","protected":false},"excerpt":{"rendered":"<p>Aby jak najbardziej u\u0142atwi\u0107 Wam nawigacj\u0119 po blogu, przygotowa\u0142am poni\u017cszy, alfabetyczny spis restauracji, o kt\u00f3rych pisa\u0142am. Mam nadziej\u0119, \u017ce tak \u0142atwiej b\u0119dzie Wam odnale\u017a\u0107 interesuj\u0105c\u0105 Was recenzj\u0119. Wszystkie artyku\u0142y s\u0105 podlinkowane, a indeks jest regularnie uaktualniany \ud83d\ude42 Restauracje w Krakowie: Emalia (artyku\u0142 1) (artyku\u0142 2) Kantyna Zab\u0142ocie Kolanko nr 6 Liberty MAK Bread&amp;Coffee Nadwi\u015bla\u0144ska Resto &amp; Vodka Bar Nad&amp;Greg Nolio N\u00f3n L\u00e1 Pan KimBap Pino Ramen People Ramen TU Ruru Udon Sohn Hand Roll Bar Wsch\u00f3d Bar Restauracje w Gda\u0144sku: Fishmarkt Magiel Meat Shack BBQ Mnie to rybka Przystanek Kawa Zagroda Rybacka Je\u015bli masz uwagi do funkcjonowania strony, skontaktuj si\u0119 ze mn\u0105.<\/p>\n","protected":false},"author":1,"featured_media":0,"parent":0,"menu_order":0,"comment_status":"closed","ping_status":"closed","template":"","meta":{"footnotes":""},"class_list":["post-301","page","type-page","status-publish","hentry"],"_links":{"self":[{"href":"https:\/\/city-citizen.pl\/index.php?rest_route=\/wp\/v2\/pages\/301","targetHints":{"allow":["GET"]}}],"collection":[{"href":"https:\/\/city-citizen.pl\/index.php?rest_route=\/wp\/v2\/pages"}],"about":[{"href":"https:\/\/city-citizen.pl\/index.php?rest_route=\/wp\/v2\/types\/page"}],"author":[{"embeddable":true,"href":"https:\/\/city-citizen.pl\/index.php?rest_route=\/wp\/v2\/users\/1"}],"replies":[{"embeddable":true,"href":"https:\/\/city-citizen.pl\/index.php?rest_route=%2Fwp%2Fv2%2Fcomments&post=301"}],"version-history":[{"count":15,"href":"https:\/\/city-citizen.pl\/index.php?rest_route=\/wp\/v2\/pages\/301\/revisions"}],"predecessor-version":[{"id":441,"href":"https:\/\/city-citizen.pl\/index.php?rest_route=\/wp\/v2\/pages\/301\/revisions\/441"}],"wp:attachment":[{"href":"https:\/\/city-citizen.pl\/index.php?rest_route=%2Fwp%2Fv2%2Fmedia&parent=301"}],"curies":[{"name":"wp","href":"https:\/\/api.w.org\/{rel}","templated":true}]}}